{"id":77,"date":"2016-12-30T11:26:54","date_gmt":"2016-12-30T11:26:54","guid":{"rendered":"http:\/\/tagesklinikenammain.de\/?page_id=77"},"modified":"2025-08-11T14:28:34","modified_gmt":"2025-08-11T13:28:34","slug":"kontaktimpressum","status":"publish","type":"page","link":"https:\/\/tagesklinikenammain.de\/en\/kontaktimpressum\/","title":{"rendered":"Kontakt"},"content":{"rendered":"<p><\/p>\n<h3 style=\"color: #13c76d;\">Contact<\/h3>\n<p><strong>Klinik an der Galluswarte<\/strong><br \/>\nMainzer Landstra\u00dfe 265<br \/>\n60326 Frankfurt am Main<br \/>\nTelephone: 069 \/\u00a097 39 15 37<br \/>\nTelefax: 069 \/\u00a097 39 15 39<\/p>\n<hr style=\"color: #13c76d; background-color: #13c76d; height: 1px;\" \/>\n<p><strong>OP Zentrum Offenbach<\/strong><br \/>\nRowentastra\u00dfe 2<br \/>\n63071 Offenbach am Main<br \/>\nTelephone: 069 8237 8251<br \/>\nTelefax: 069 8237 8253<\/p>\n<hr style=\"color: #13c76d; background-color: #13c76d; height: 1px;\" \/>\n<p><strong>Klinik am Schlo\u00dfgarten<\/strong><br \/>\nWei\u00dfenburger Stra\u00dfe 44<br \/>\n63739 Aschaffenburg<br \/>\nTelephone: 06021 580 51 24<br \/>\nTelefax: 06021 580 51 26<\/p>\n<p>E-Mail: <a href=\"mailto:info@tagesklinikenammain.de\">info@tagesklinikenammain.de <\/a><\/p>\n<p>Consultations, diagnosis and appointments are not possible via email. Thank you for your understanding.<\/p>\n<h3 style=\"color: #13c76d;\">Impressum<\/h3>\n<h3>Responsible for content in accordance to \u00a7 55 Abs. 2 RStV:<\/h3>\n<p>Anesthesiologist Plamen Brusarski (address as above)<\/p>\n<h3>Professional designation:<\/h3>\n<p>Anesthesiologist Plamen Brusarski &#8211; Anesthesiologist<\/p>\n<h3>Competent chamber:<\/h3>\n<p>Landes\u00e4rztekammer Hessen<br \/>\nIm Vogelsgesang 3<br \/>\n60488 Frankfurt am Main<\/p>\n<p>Bayerische Landes\u00e4rztekammer<br \/>\nM\u00fchlbaurstr. 16<br \/>\n81677 M\u00fcnchen<\/p>\n<h3>Competent Association of Statutory Health Insurance Physicians (Kassen\u00e4rztliche Vereinigung):<\/h3>\n<p>Kassen\u00e4rztliche Vereinigung Hessen<br \/>\nGeorg-Voigt-Str. 15<br \/>\n60325 Frankfurt<br \/>\nTel: (069) 79502-0<\/p>\n<p>Kassen\u00e4rztliche Vereinigung Bayerns<br \/>\nElsenheimerstra\u00dfe 39<br \/>\n80687 M\u00fcnchen<br \/>\nTel: (089) 54546-40420<\/p>\n<h3>Professional regulations:<\/h3>\n<h3>Berufsordnung der Landes\u00e4rztekammer Hessen<\/h3>\n<p>You can find the current professional regulations on the homepage of the Regional Medical Council Hesse (Landes\u00e4rztekammer Hessen):<br \/>\n<a href=\"http:\/\/www.laekh.de\/images\/Aerzte\/Rund_ums_Recht\/Rechtsquellen\/berufsordnung.pdf\">http:\/\/www.laekh.de\/images\/Aerzte\/Rund_ums_Recht\/Rechtsquellen\/berufsordnung.pdf<\/a><\/p>\n<h3>Berufsordnung der Bayerische Landes\u00e4rztekammer<\/h3>\n<p>You can find the current professional regulations on the homepage of the Regional Medical Council Bavaria (Bayerische Landes\u00e4rztekammer):<br \/>\n<a href=\"http:\/\/www.blaek.de\/pdf_rechtliches\/haupt\/bo2002.pdf\">http:\/\/www.blaek.de\/pdf_rechtliches\/haupt\/bo2002.pdf<\/a><\/p>\n<h3>Law for health care profession of the state of Hesse<\/h3>\n<p>You can find the current Law for health care profession on the homepage of the Regional Medical Council Hesse (Landes\u00e4rztekammer Hessen):<br \/>\n<a href=\"http:\/\/www.laekh.de\/images\/Aerzte\/Rund_ums_Recht\/Rechtsquellen\/heilberufsgesetz.pdf\">http:\/\/www.laekh.de\/images\/Aerzte\/Rund_ums_Recht\/Rechtsquellen\/heilberufsgesetz.pdf<\/a><\/p>\n<h3>Law for health care profession of the state of Bavaria<\/h3>\n<p>You can find the current Law for health care profession on the homepage of the Regional Medical Council Bavaria (Bayerische Landes\u00e4rztekammer):<br \/>\n<a href=\"http:\/\/www.blaek.de\/pdf_rechtliches\/haupt\/hkag16112002.pdf\">http:\/\/www.blaek.de\/pdf_rechtliches\/haupt\/hkag16112002.pdf<\/a><\/p>\n<p>&nbsp;<\/p>\n<h3>\u00a0\u00a9 Copyright 2016 Tageskliniken am Main<\/h3>\n<p><\/p>","protected":false},"excerpt":{"rendered":"<p>Contact Klinik an der Galluswarte Mainzer Landstra\u00dfe 265 60326 Frankfurt am Main Telephone: 069 \/\u00a097 39 15 37 Telefax: 069 \/\u00a097 39 15 39 OP Zentrum Offenbach Rowentastra\u00dfe 2 63071 Offenbach am Main Telephone: 069 8237 8251 Telefax: 069 8237 8253 Klinik am Schlo\u00dfgarten Wei\u00dfenburger Stra\u00dfe 44 63739 Aschaffenburg Telephone: 06021 580 51 24 Telefax: [&hellip;]<\/p>\n","protected":false},"author":1,"featured_media":0,"parent":0,"menu_order":0,"comment_status":"closed","ping_status":"closed","template":"template-full-width.php","meta":{"footnotes":""},"class_list":["post-77","page","type-page","status-publish","hentry","blog-alt-layout","blog-style-postblock","","blog-alt-odd"],"_links":{"self":[{"href":"https:\/\/tagesklinikenammain.de\/en\/wp-json\/wp\/v2\/pages\/77","targetHints":{"allow":["GET"]}}],"collection":[{"href":"https:\/\/tagesklinikenammain.de\/en\/wp-json\/wp\/v2\/pages"}],"about":[{"href":"https:\/\/tagesklinikenammain.de\/en\/wp-json\/wp\/v2\/types\/page"}],"author":[{"embeddable":true,"href":"https:\/\/tagesklinikenammain.de\/en\/wp-json\/wp\/v2\/users\/1"}],"replies":[{"embeddable":true,"href":"https:\/\/tagesklinikenammain.de\/en\/wp-json\/wp\/v2\/comments?post=77"}],"version-history":[{"count":24,"href":"https:\/\/tagesklinikenammain.de\/en\/wp-json\/wp\/v2\/pages\/77\/revisions"}],"predecessor-version":[{"id":1090,"href":"https:\/\/tagesklinikenammain.de\/en\/wp-json\/wp\/v2\/pages\/77\/revisions\/1090"}],"wp:attachment":[{"href":"https:\/\/tagesklinikenammain.de\/en\/wp-json\/wp\/v2\/media?parent=77"}],"curies":[{"name":"wp","href":"https:\/\/api.w.org\/{rel}","templated":true}]}}